{"id":17,"date":"2025-07-22T08:28:53","date_gmt":"2025-07-22T08:28:53","guid":{"rendered":"https:\/\/neoarchae3d.rkinformatika.online\/?page_id=17"},"modified":"2025-07-29T08:15:33","modified_gmt":"2025-07-29T08:15:33","slug":"quienes-somos","status":"publish","type":"page","link":"https:\/\/neoarchae3d.com\/en\/quienes-somos\/","title":{"rendered":"About Us"},"content":{"rendered":"<div data-elementor-type=\"wp-page\" data-elementor-id=\"17\" class=\"elementor elementor-17\" data-elementor-post-type=\"page\">\n\t\t\t\t<div class=\"elementor-element elementor-element-01755ab e-flex e-con-boxed e-con e-parent\" data-id=\"01755ab\" data-element_type=\"container\" data-e-type=\"container\" data-settings=\"{&quot;background_background&quot;:&quot;classic&quot;,&quot;background_motion_fx_motion_fx_mouse&quot;:&quot;yes&quot;,&quot;background_motion_fx_mouseTrack_effect&quot;:&quot;yes&quot;,&quot;background_motion_fx_mouseTrack_speed&quot;:{&quot;unit&quot;:&quot;px&quot;,&quot;size&quot;:0.8,&quot;sizes&quot;:[]}}\">\n\t\t\t\t\t<div class=\"e-con-inner\">\n\t\t\t\t<div class=\"elementor-element elementor-element-807ac73 animated-slow elementor-invisible elementor-widget elementor-widget-heading\" data-id=\"807ac73\" data-element_type=\"widget\" data-e-type=\"widget\" data-settings=\"{&quot;_animation&quot;:&quot;fadeInRight&quot;}\" data-widget_type=\"heading.default\">\n\t\t\t\t\t<h2 class=\"elementor-heading-title elementor-size-default\">Tecnolog\u00eda con oficio<\/h2>\t\t\t\t<\/div>\n\t\t\t\t\t<\/div>\n\t\t\t\t<\/div>\n\t\t<div class=\"elementor-element elementor-element-588e40f e-flex e-con-boxed e-con e-parent\" data-id=\"588e40f\" data-element_type=\"container\" data-e-type=\"container\" data-settings=\"{&quot;background_background&quot;:&quot;classic&quot;}\">\n\t\t\t\t\t<div class=\"e-con-inner\">\n\t\t<div class=\"elementor-element elementor-element-33318b1 e-flex e-con-boxed e-con e-child\" data-id=\"33318b1\" data-element_type=\"container\" data-e-type=\"container\">\n\t\t\t\t\t<div class=\"e-con-inner\">\n\t\t\t\t<div class=\"elementor-element elementor-element-7d31ce0 elementor-widget elementor-widget-heading\" data-id=\"7d31ce0\" data-element_type=\"widget\" data-e-type=\"widget\" data-widget_type=\"heading.default\">\n\t\t\t\t\t<h2 class=\"elementor-heading-title elementor-size-default\">Somos un taller de reconstrucci\u00f3n hist\u00f3rica donde lo digital y lo manual se funden.<\/h2>\t\t\t\t<\/div>\n\t\t\t\t<div class=\"elementor-element elementor-element-256f4a9 elementor-widget elementor-widget-text-editor\" data-id=\"256f4a9\" data-element_type=\"widget\" data-e-type=\"widget\" data-widget_type=\"text-editor.default\">\n\t\t\t\t\t\t\t\t\t<p>Mi nombre es Manolo Soler Llorca, dise\u00f1ador industrial y artista 3D con una carrera at\u00edpica: desde cinem\u00e1ticas para <i>James Bond y el Se\u00f1or de los Anillos en Electronic Arts<\/i>, San Francisco hasta dar realismo al biplano de Manfred Von Richthofen en \u201c<i>The Red Bar\u00f3n\u201d<\/i>\u00a0para PIXOMONDO en Ludwigsburg, Alemania. Hoy, aplico ese bagaje en crear objetos que parecen extra\u00eddos directamente de la historia.<\/p><p>Trabajamos codo con codo con arque\u00f3logos de\u00a0<i>ARPA PATRIMONIO<\/i>, museos e instituciones para devolver la presencia f\u00edsica a piezas perdidas o fr\u00e1giles.<\/p><p>Nuestro proceso combina herramientas de vanguardia y savoir-faire tradicional:<\/p><ul><li><p><b>Ingenier\u00eda digital<\/b>: Modelado param\u00e9trico en\u00a0<i>Fusion 360<\/i>\u00a0y escaneado 3D con fotogrametr\u00eda.<\/p><\/li><li><p><b>Fabricaci\u00f3n inteligente<\/b>: Impresi\u00f3n 3D en materiales t\u00e9cnicos (<i>ASA para exteriores, fibra de carbono para refuerzos estructurales<\/i>) cuando la pieza lo demanda.<\/p><\/li><li><p><b>Alquimia manual<\/b>: Acabados con yesos de cal, resinas epoxi hist\u00f3ricamente documentadas y pigmentos minerales molidos\u00a0<i>in situ<\/i>\u00a0para replicar p\u00e1tinas de oxidaci\u00f3n o erosi\u00f3n, en colaboraci\u00f3n con artesanos como Vicente Molina.<\/p><\/li><\/ul><p>El resultado son objetos que no solo\u00a0<i>parecen<\/i>\u00a0aut\u00e9nticos, sino que\u00a0<i>se comportan<\/i> como los originales bajo la luz rasante de una vitrina o el tacto de un conservador.<\/p>\t\t\t\t\t\t\t\t<\/div>\n\t\t\t\t\t<\/div>\n\t\t\t\t<\/div>\n\t\t\t\t\t<\/div>\n\t\t\t\t<\/div>\n\t\t<div class=\"elementor-element elementor-element-48bf24a e-flex e-con-boxed e-con e-parent\" data-id=\"48bf24a\" data-element_type=\"container\" data-e-type=\"container\" data-settings=\"{&quot;background_background&quot;:&quot;gradient&quot;}\">\n\t\t\t\t\t<div class=\"e-con-inner\">\n\t\t\t\t<div class=\"elementor-element elementor-element-7522bb0 animated-slow elementor-invisible elementor-widget elementor-widget-heading\" data-id=\"7522bb0\" data-element_type=\"widget\" data-e-type=\"widget\" data-settings=\"{&quot;_animation&quot;:&quot;fadeInRight&quot;}\" data-widget_type=\"heading.default\">\n\t\t\t\t\t<h2 class=\"elementor-heading-title elementor-size-default\">Hitos clave<\/h2>\t\t\t\t<\/div>\n\t\t\t\t<div class=\"elementor-element elementor-element-8a30088 eael-dual-header-content-align-left animated-slow elementor-invisible elementor-widget elementor-widget-eael-dual-color-header\" data-id=\"8a30088\" data-element_type=\"widget\" data-e-type=\"widget\" data-settings=\"{&quot;_animation&quot;:&quot;fadeInLeft&quot;}\" data-widget_type=\"eael-dual-color-header.default\">\n\t\t\t\t\t\t\t\t<div class=\"eael-dual-header\">\n\t\t\t\t<h2 class=\"title eael-dch-title\"><span class=\"eael-dch-title-text eael-dch-title-lead lead solid-color\">2003:<\/span> <span class=\"eael-dch-title-text\">TDA Senior, \u201cThe Return of the King\u00a0\u201c(PS2) EA GAMES - USA.<\/span><\/h2>\t\t\t\t\t<span class=\"eael-dch-svg-icon\"><\/span>\t\t\t\t\t\t\t<\/div>\n\n\t\t\t\t\t\t<\/div>\n\t\t\t\t<div class=\"elementor-element elementor-element-33cd6de eael-dual-header-content-align-left animated-slow elementor-invisible elementor-widget elementor-widget-eael-dual-color-header\" data-id=\"33cd6de\" data-element_type=\"widget\" data-e-type=\"widget\" data-settings=\"{&quot;_animation&quot;:&quot;fadeInLeft&quot;,&quot;_animation_delay&quot;:200}\" data-widget_type=\"eael-dual-color-header.default\">\n\t\t\t\t\t\t\t\t<div class=\"eael-dual-header\">\n\t\t\t\t<h2 class=\"title eael-dch-title\"><span class=\"eael-dch-title-text eael-dch-title-lead lead solid-color\">2007:<\/span> <span class=\"eael-dch-title-text\">Lighting TD \u201cThe Red Baron\u201d PIXOMONDO - ALEMANIA.<\/span><\/h2>\t\t\t\t\t<span class=\"eael-dch-svg-icon\"><\/span>\t\t\t\t\t\t\t<\/div>\n\n\t\t\t\t\t\t<\/div>\n\t\t\t\t<div class=\"elementor-element elementor-element-9503c39 eael-dual-header-content-align-left animated-slow elementor-invisible elementor-widget elementor-widget-eael-dual-color-header\" data-id=\"9503c39\" data-element_type=\"widget\" data-e-type=\"widget\" data-settings=\"{&quot;_animation&quot;:&quot;fadeInLeft&quot;,&quot;_animation_delay&quot;:400}\" data-widget_type=\"eael-dual-color-header.default\">\n\t\t\t\t\t\t\t\t<div class=\"eael-dual-header\">\n\t\t\t\t<h2 class=\"title eael-dch-title\"><span class=\"eael-dch-title-text eael-dch-title-lead lead solid-color\">2010-2015:<\/span> <span class=\"eael-dch-title-text\">Visuales para-Steve Aoki, NERVO, Perri Farrel, Joachim Jarraud.<\/span><\/h2>\t\t\t\t\t<span class=\"eael-dch-svg-icon\"><\/span>\t\t\t\t\t\t\t<\/div>\n\n\t\t\t\t\t\t<\/div>\n\t\t\t\t<div class=\"elementor-element elementor-element-a6cf2bc eael-dual-header-content-align-left animated-slow elementor-invisible elementor-widget elementor-widget-eael-dual-color-header\" data-id=\"a6cf2bc\" data-element_type=\"widget\" data-e-type=\"widget\" data-settings=\"{&quot;_animation&quot;:&quot;fadeInLeft&quot;,&quot;_animation_delay&quot;:600}\" data-widget_type=\"eael-dual-color-header.default\">\n\t\t\t\t\t\t\t\t<div class=\"eael-dual-header\">\n\t\t\t\t<h2 class=\"title eael-dch-title\"><span class=\"eael-dch-title-text eael-dch-title-lead lead solid-color\">2006-act.:<\/span> <span class=\"eael-dch-title-text\">Reconstrucciones para Arpa Patrimonio.<\/span><\/h2>\t\t\t\t\t<span class=\"eael-dch-svg-icon\"><\/span>\t\t\t\t\t\t\t<\/div>\n\n\t\t\t\t\t\t<\/div>\n\t\t\t\t<div class=\"elementor-element elementor-element-74c0efe eael-dual-header-content-align-left animated-slow elementor-invisible elementor-widget elementor-widget-eael-dual-color-header\" data-id=\"74c0efe\" data-element_type=\"widget\" data-e-type=\"widget\" data-settings=\"{&quot;_animation&quot;:&quot;fadeInLeft&quot;,&quot;_animation_delay&quot;:800}\" data-widget_type=\"eael-dual-color-header.default\">\n\t\t\t\t\t\t\t\t<div class=\"eael-dual-header\">\n\t\t\t\t<h2 class=\"title eael-dch-title\"><span class=\"eael-dch-title-text eael-dch-title-lead lead solid-color\">2025:<\/span> <span class=\"eael-dch-title-text\">Ca\u00f1ones Vickers 101 A-A antia\u00e9reo 1:1 (Ibiza).<\/span><\/h2>\t\t\t\t\t<span class=\"eael-dch-svg-icon\"><\/span>\t\t\t\t\t\t\t<\/div>\n\n\t\t\t\t\t\t<\/div>\n\t\t\t\t\t<\/div>\n\t\t\t\t<\/div>\n\t\t<div class=\"elementor-element elementor-element-6afaede e-flex e-con-boxed e-con e-parent\" data-id=\"6afaede\" data-element_type=\"container\" data-e-type=\"container\">\n\t\t\t\t\t<div class=\"e-con-inner\">\n\t\t<div class=\"elementor-element elementor-element-7398237 e-con-full e-flex e-con e-child\" data-id=\"7398237\" data-element_type=\"container\" data-e-type=\"container\" data-settings=\"{&quot;background_background&quot;:&quot;classic&quot;}\">\n\t\t\t\t<div class=\"elementor-element elementor-element-267a681 elementor-widget__width-initial animated-slow elementor-invisible elementor-widget elementor-widget-heading\" data-id=\"267a681\" data-element_type=\"widget\" data-e-type=\"widget\" data-settings=\"{&quot;_animation&quot;:&quot;fadeInLeft&quot;}\" data-widget_type=\"heading.default\">\n\t\t\t\t\t<h2 class=\"elementor-heading-title elementor-size-default\">\u00bfTienes una pieza que contar? Nosotros le damos forma.<\/h2>\t\t\t\t<\/div>\n\t\t\t\t<div class=\"elementor-element elementor-element-a8db3e2 elementor-align-justify elementor-tablet-align-center elementor-widget__width-initial animated-slow elementor-invisible elementor-widget elementor-widget-button\" data-id=\"a8db3e2\" data-element_type=\"widget\" data-e-type=\"widget\" data-settings=\"{&quot;_animation&quot;:&quot;fadeInRight&quot;}\" data-widget_type=\"button.default\">\n\t\t\t\t\t\t\t\t\t\t<a class=\"elementor-button elementor-button-link elementor-size-sm\" href=\"\/en\/contacto\/\">\n\t\t\t\t\t\t<span class=\"elementor-button-content-wrapper\">\n\t\t\t\t\t\t\t\t\t<span class=\"elementor-button-text\">Con\u00e1ctanos<\/span>\n\t\t\t\t\t<\/span>\n\t\t\t\t\t<\/a>\n\t\t\t\t\t\t\t\t<\/div>\n\t\t\t\t<\/div>\n\t\t\t\t\t<\/div>\n\t\t\t\t<\/div>\n\t\t\t\t<\/div>","protected":false},"excerpt":{"rendered":"<p>Tecnolog\u00eda con oficio Somos un taller de reconstrucci\u00f3n hist\u00f3rica donde lo digital y lo manual se funden. Mi nombre es Manolo Soler Llorca, dise\u00f1ador industrial y artista 3D con una carrera at\u00edpica: desde cinem\u00e1ticas para James Bond y el Se\u00f1or de los Anillos en Electronic Arts, San Francisco hasta dar realismo al biplano de Manfred [&hellip;]<\/p>\n","protected":false},"author":1,"featured_media":0,"parent":0,"menu_order":0,"comment_status":"closed","ping_status":"closed","template":"elementor_canvas","meta":{"footnotes":""},"class_list":["post-17","page","type-page","status-publish","hentry"],"yoast_head":"<!-- This site is optimized with the Yoast SEO plugin v27.4 - https:\/\/yoast.com\/product\/yoast-seo-wordpress\/ -->\n<title>Qui\u00e9nes Somos - NEOARCHAE 3D<\/title>\n<meta name=\"robots\" content=\"index, follow, max-snippet:-1, max-image-preview:large, max-video-preview:-1\" \/>\n<link rel=\"canonical\" href=\"https:\/\/neoarchae3d.com\/en\/quienes-somos\/\" \/>\n<meta property=\"og:locale\" content=\"en_GB\" \/>\n<meta property=\"og:type\" content=\"article\" \/>\n<meta property=\"og:title\" content=\"Qui\u00e9nes Somos - NEOARCHAE 3D\" \/>\n<meta property=\"og:description\" content=\"Tecnolog\u00eda con oficio Somos un taller de reconstrucci\u00f3n hist\u00f3rica donde lo digital y lo manual se funden. Mi nombre es Manolo Soler Llorca, dise\u00f1ador industrial y artista 3D con una carrera at\u00edpica: desde cinem\u00e1ticas para James Bond y el Se\u00f1or de los Anillos en Electronic Arts, San Francisco hasta dar realismo al biplano de Manfred [&hellip;]\" \/>\n<meta property=\"og:url\" content=\"https:\/\/neoarchae3d.com\/en\/quienes-somos\/\" \/>\n<meta property=\"og:site_name\" content=\"NEOARCHAE 3D\" \/>\n<meta property=\"article:modified_time\" content=\"2025-07-29T08:15:33+00:00\" \/>\n<meta name=\"twitter:card\" content=\"summary_large_image\" \/>\n<meta name=\"twitter:label1\" content=\"Estimated reading time\" \/>\n\t<meta name=\"twitter:data1\" content=\"2 minutes\" \/>\n<script type=\"application\/ld+json\" class=\"yoast-schema-graph\">{\"@context\":\"https:\\\/\\\/schema.org\",\"@graph\":[{\"@type\":\"WebPage\",\"@id\":\"https:\\\/\\\/neoarchae3d.com\\\/quienes-somos\\\/\",\"url\":\"https:\\\/\\\/neoarchae3d.com\\\/quienes-somos\\\/\",\"name\":\"Qui\u00e9nes Somos - NEOARCHAE 3D\",\"isPartOf\":{\"@id\":\"https:\\\/\\\/neoarchae3d.com\\\/#website\"},\"datePublished\":\"2025-07-22T08:28:53+00:00\",\"dateModified\":\"2025-07-29T08:15:33+00:00\",\"breadcrumb\":{\"@id\":\"https:\\\/\\\/neoarchae3d.com\\\/quienes-somos\\\/#breadcrumb\"},\"inLanguage\":\"en-GB\",\"potentialAction\":[{\"@type\":\"ReadAction\",\"target\":[\"https:\\\/\\\/neoarchae3d.com\\\/quienes-somos\\\/\"]}]},{\"@type\":\"BreadcrumbList\",\"@id\":\"https:\\\/\\\/neoarchae3d.com\\\/quienes-somos\\\/#breadcrumb\",\"itemListElement\":[{\"@type\":\"ListItem\",\"position\":1,\"name\":\"Portada\",\"item\":\"https:\\\/\\\/neoarchae3d.com\\\/\"},{\"@type\":\"ListItem\",\"position\":2,\"name\":\"Qui\u00e9nes Somos\"}]},{\"@type\":\"WebSite\",\"@id\":\"https:\\\/\\\/neoarchae3d.com\\\/#website\",\"url\":\"https:\\\/\\\/neoarchae3d.com\\\/\",\"name\":\"NEOARCHAE 3D\",\"description\":\"\",\"publisher\":{\"@id\":\"https:\\\/\\\/neoarchae3d.com\\\/#organization\"},\"potentialAction\":[{\"@type\":\"SearchAction\",\"target\":{\"@type\":\"EntryPoint\",\"urlTemplate\":\"https:\\\/\\\/neoarchae3d.com\\\/?s={search_term_string}\"},\"query-input\":{\"@type\":\"PropertyValueSpecification\",\"valueRequired\":true,\"valueName\":\"search_term_string\"}}],\"inLanguage\":\"en-GB\"},{\"@type\":\"Organization\",\"@id\":\"https:\\\/\\\/neoarchae3d.com\\\/#organization\",\"name\":\"NEOARCHAE 3D\",\"url\":\"https:\\\/\\\/neoarchae3d.com\\\/\",\"logo\":{\"@type\":\"ImageObject\",\"inLanguage\":\"en-GB\",\"@id\":\"https:\\\/\\\/neoarchae3d.com\\\/#\\\/schema\\\/logo\\\/image\\\/\",\"url\":\"https:\\\/\\\/neoarchae3d.com\\\/wp-content\\\/uploads\\\/2025\\\/07\\\/cropped-LOGO_NeoArchae3d.png\",\"contentUrl\":\"https:\\\/\\\/neoarchae3d.com\\\/wp-content\\\/uploads\\\/2025\\\/07\\\/cropped-LOGO_NeoArchae3d.png\",\"width\":1335,\"height\":237,\"caption\":\"NEOARCHAE 3D\"},\"image\":{\"@id\":\"https:\\\/\\\/neoarchae3d.com\\\/#\\\/schema\\\/logo\\\/image\\\/\"}}]}<\/script>\n<!-- \/ Yoast SEO plugin. -->","yoast_head_json":{"title":"Qui\u00e9nes Somos - NEOARCHAE 3D","robots":{"index":"index","follow":"follow","max-snippet":"max-snippet:-1","max-image-preview":"max-image-preview:large","max-video-preview":"max-video-preview:-1"},"canonical":"https:\/\/neoarchae3d.com\/en\/quienes-somos\/","og_locale":"en_GB","og_type":"article","og_title":"Qui\u00e9nes Somos - NEOARCHAE 3D","og_description":"Tecnolog\u00eda con oficio Somos un taller de reconstrucci\u00f3n hist\u00f3rica donde lo digital y lo manual se funden. Mi nombre es Manolo Soler Llorca, dise\u00f1ador industrial y artista 3D con una carrera at\u00edpica: desde cinem\u00e1ticas para James Bond y el Se\u00f1or de los Anillos en Electronic Arts, San Francisco hasta dar realismo al biplano de Manfred [&hellip;]","og_url":"https:\/\/neoarchae3d.com\/en\/quienes-somos\/","og_site_name":"NEOARCHAE 3D","article_modified_time":"2025-07-29T08:15:33+00:00","twitter_card":"summary_large_image","twitter_misc":{"Estimated reading time":"2 minutes"},"schema":{"@context":"https:\/\/schema.org","@graph":[{"@type":"WebPage","@id":"https:\/\/neoarchae3d.com\/quienes-somos\/","url":"https:\/\/neoarchae3d.com\/quienes-somos\/","name":"Qui\u00e9nes Somos - NEOARCHAE 3D","isPartOf":{"@id":"https:\/\/neoarchae3d.com\/#website"},"datePublished":"2025-07-22T08:28:53+00:00","dateModified":"2025-07-29T08:15:33+00:00","breadcrumb":{"@id":"https:\/\/neoarchae3d.com\/quienes-somos\/#breadcrumb"},"inLanguage":"en-GB","potentialAction":[{"@type":"ReadAction","target":["https:\/\/neoarchae3d.com\/quienes-somos\/"]}]},{"@type":"BreadcrumbList","@id":"https:\/\/neoarchae3d.com\/quienes-somos\/#breadcrumb","itemListElement":[{"@type":"ListItem","position":1,"name":"Portada","item":"https:\/\/neoarchae3d.com\/"},{"@type":"ListItem","position":2,"name":"Qui\u00e9nes Somos"}]},{"@type":"WebSite","@id":"https:\/\/neoarchae3d.com\/#website","url":"https:\/\/neoarchae3d.com\/","name":"NEOARCHAE 3D","description":"","publisher":{"@id":"https:\/\/neoarchae3d.com\/#organization"},"potentialAction":[{"@type":"SearchAction","target":{"@type":"EntryPoint","urlTemplate":"https:\/\/neoarchae3d.com\/?s={search_term_string}"},"query-input":{"@type":"PropertyValueSpecification","valueRequired":true,"valueName":"search_term_string"}}],"inLanguage":"en-GB"},{"@type":"Organization","@id":"https:\/\/neoarchae3d.com\/#organization","name":"NEOARCHAE 3D","url":"https:\/\/neoarchae3d.com\/","logo":{"@type":"ImageObject","inLanguage":"en-GB","@id":"https:\/\/neoarchae3d.com\/#\/schema\/logo\/image\/","url":"https:\/\/neoarchae3d.com\/wp-content\/uploads\/2025\/07\/cropped-LOGO_NeoArchae3d.png","contentUrl":"https:\/\/neoarchae3d.com\/wp-content\/uploads\/2025\/07\/cropped-LOGO_NeoArchae3d.png","width":1335,"height":237,"caption":"NEOARCHAE 3D"},"image":{"@id":"https:\/\/neoarchae3d.com\/#\/schema\/logo\/image\/"}}]}},"_links":{"self":[{"href":"https:\/\/neoarchae3d.com\/en\/wp-json\/wp\/v2\/pages\/17","targetHints":{"allow":["GET"]}}],"collection":[{"href":"https:\/\/neoarchae3d.com\/en\/wp-json\/wp\/v2\/pages"}],"about":[{"href":"https:\/\/neoarchae3d.com\/en\/wp-json\/wp\/v2\/types\/page"}],"author":[{"embeddable":true,"href":"https:\/\/neoarchae3d.com\/en\/wp-json\/wp\/v2\/users\/1"}],"replies":[{"embeddable":true,"href":"https:\/\/neoarchae3d.com\/en\/wp-json\/wp\/v2\/comments?post=17"}],"version-history":[{"count":298,"href":"https:\/\/neoarchae3d.com\/en\/wp-json\/wp\/v2\/pages\/17\/revisions"}],"predecessor-version":[{"id":973,"href":"https:\/\/neoarchae3d.com\/en\/wp-json\/wp\/v2\/pages\/17\/revisions\/973"}],"wp:attachment":[{"href":"https:\/\/neoarchae3d.com\/en\/wp-json\/wp\/v2\/media?parent=17"}],"curies":[{"name":"wp","href":"https:\/\/api.w.org\/{rel}","templated":true}]}}